{"id":741,"date":"2022-08-05T11:13:32","date_gmt":"2022-08-05T16:13:32","guid":{"rendered":"https:\/\/itaipu.com.mx\/?page_id=741"},"modified":"2022-12-19T13:14:44","modified_gmt":"2022-12-19T18:14:44","slug":"noticias","status":"publish","type":"page","link":"https:\/\/itaipu.com.mx\/en\/noticias\/","title":{"rendered":"NEWS"},"content":{"rendered":"<div data-elementor-type=\"wp-page\" data-elementor-id=\"741\" class=\"elementor elementor-741\" data-elementor-post-type=\"page\">\n\t\t\t\t\t\t<section class=\"elementor-section elementor-top-section elementor-element elementor-element-bed3494 elementor-section-boxed elementor-section-height-default elementor-section-height-default\" data-id=\"bed3494\" data-element_type=\"section\" data-e-type=\"section\">\n\t\t\t\t\t\t<div class=\"elementor-container elementor-column-gap-default\">\n\t\t\t\t\t<div class=\"elementor-column elementor-col-100 elementor-top-column elementor-element elementor-element-3cf1819\" data-id=\"3cf1819\" data-element_type=\"column\" data-e-type=\"column\">\n\t\t\t<div class=\"elementor-widget-wrap elementor-element-populated\">\n\t\t\t\t\t\t<div class=\"elementor-element elementor-element-4dfbb10 elementor-widget elementor-widget-spacer\" data-id=\"4dfbb10\" data-element_type=\"widget\" data-e-type=\"widget\" data-widget_type=\"spacer.default\">\n\t\t\t\t<div class=\"elementor-widget-container\">\n\t\t\t\t\t\t\t<div class=\"elementor-spacer\">\n\t\t\t<div class=\"elementor-spacer-inner\"><\/div>\n\t\t<\/div>\n\t\t\t\t\t\t<\/div>\n\t\t\t\t<\/div>\n\t\t\t\t\t<\/div>\n\t\t<\/div>\n\t\t\t\t\t<\/div>\n\t\t<\/section>\n\t\t\t\t<section class=\"elementor-section elementor-top-section elementor-element elementor-element-fc73c5d elementor-section-boxed elementor-section-height-default elementor-section-height-default\" data-id=\"fc73c5d\" data-element_type=\"section\" data-e-type=\"section\">\n\t\t\t\t\t\t<div class=\"elementor-container elementor-column-gap-default\">\n\t\t\t\t\t<div class=\"elementor-column elementor-col-100 elementor-top-column elementor-element elementor-element-3ac8871\" data-id=\"3ac8871\" data-element_type=\"column\" data-e-type=\"column\" data-settings=\"{&quot;background_background&quot;:&quot;gradient&quot;}\">\n\t\t\t<div class=\"elementor-widget-wrap elementor-element-populated\">\n\t\t\t\t\t\t<div class=\"elementor-element elementor-element-2ceaf2e elementor-grid-3 elementor-grid-tablet-2 elementor-grid-mobile-1 elementor-posts--thumbnail-top elementor-posts--show-avatar elementor-card-shadow-yes elementor-posts__hover-gradient elementor-widget elementor-widget-posts\" data-id=\"2ceaf2e\" data-element_type=\"widget\" data-e-type=\"widget\" data-settings=\"{&quot;pagination_type&quot;:&quot;numbers&quot;,&quot;cards_columns&quot;:&quot;3&quot;,&quot;cards_columns_tablet&quot;:&quot;2&quot;,&quot;cards_columns_mobile&quot;:&quot;1&quot;,&quot;cards_row_gap&quot;:{&quot;unit&quot;:&quot;px&quot;,&quot;size&quot;:35,&quot;sizes&quot;:[]},&quot;cards_row_gap_tablet&quot;:{&quot;unit&quot;:&quot;px&quot;,&quot;size&quot;:&quot;&quot;,&quot;sizes&quot;:[]},&quot;cards_row_gap_mobile&quot;:{&quot;unit&quot;:&quot;px&quot;,&quot;size&quot;:&quot;&quot;,&quot;sizes&quot;:[]}}\" data-widget_type=\"posts.cards\">\n\t\t\t\t<div class=\"elementor-widget-container\">\n\t\t\t\t\t\t\t<div class=\"elementor-posts-container elementor-posts elementor-posts--skin-cards elementor-grid\" role=\"list\">\n\t\t\t\t<article class=\"elementor-post elementor-grid-item post-2881 post type-post status-publish format-standard has-post-thumbnail hentry category-noticias-itaipu\" role=\"listitem\">\n\t\t\t<div class=\"elementor-post__card\">\n\t\t\t\t<a class=\"elementor-post__thumbnail__link\" href=\"https:\/\/itaipu.com.mx\/en\/2025\/08\/elementor-2881\/\" tabindex=\"-1\" ><div class=\"elementor-post__thumbnail\"><img fetchpriority=\"high\" decoding=\"async\" width=\"240\" height=\"300\" src=\"https:\/\/itaipu.com.mx\/wp-content\/uploads\/536128201_718598601142717_6193078488124383211_n-240x300.jpg\" class=\"attachment-medium size-medium wp-image-2883\" alt=\"\" srcset=\"https:\/\/itaipu.com.mx\/wp-content\/uploads\/536128201_718598601142717_6193078488124383211_n-240x300.jpg 240w, https:\/\/itaipu.com.mx\/wp-content\/uploads\/536128201_718598601142717_6193078488124383211_n-819x1024.jpg 819w, https:\/\/itaipu.com.mx\/wp-content\/uploads\/536128201_718598601142717_6193078488124383211_n-768x960.jpg 768w, https:\/\/itaipu.com.mx\/wp-content\/uploads\/536128201_718598601142717_6193078488124383211_n-1229x1536.jpg 1229w, https:\/\/itaipu.com.mx\/wp-content\/uploads\/536128201_718598601142717_6193078488124383211_n-10x12.jpg 10w, https:\/\/itaipu.com.mx\/wp-content\/uploads\/536128201_718598601142717_6193078488124383211_n.jpg 1266w\" sizes=\"(max-width: 240px) 100vw, 240px\" \/><\/div><\/a>\n\t\t\t\t<div class=\"elementor-post__avatar\">\n\t\t\t<img alt='Jorge Damian' src='https:\/\/secure.gravatar.com\/avatar\/7c931d1b0e798394dcd9aeeb59c36d1ff2f87d28d555d9539584a7d89413efc1?s=128&#038;d=mm&#038;r=g' srcset='https:\/\/secure.gravatar.com\/avatar\/7c931d1b0e798394dcd9aeeb59c36d1ff2f87d28d555d9539584a7d89413efc1?s=256&#038;d=mm&#038;r=g 2x' class='avatar avatar-128 photo' height='128' width='128' \/>\t\t<\/div>\n\t\t\t\t<div class=\"elementor-post__text\">\n\t\t\t\t<h3 class=\"elementor-post__title\">\n\t\t\t<a href=\"https:\/\/itaipu.com.mx\/en\/2025\/08\/elementor-2881\/\" >\n\t\t\t\tINFOME ESR 2025\t\t\t<\/a>\n\t\t<\/h3>\n\t\t\t\t<div class=\"elementor-post__excerpt\">\n\t\t\t<p>18\/08\/2025 CORPORACI\u00d3N ITAIPU, INFORME ESR 2025 Por tercer a\u00f1o consecutivo CORPORACION ITAIPU ha obtenido el reconocimiento de empresa socialmente responsable (ESR), que otorga el Centro<\/p>\n\t\t<\/div>\n\t\t\n\t\t<a class=\"elementor-post__read-more\" href=\"https:\/\/itaipu.com.mx\/en\/2025\/08\/elementor-2881\/\" aria-label=\"Read more about INFOME ESR 2025\" tabindex=\"-1\" >\n\t\t\tRead more &#034;\t\t<\/a>\n\n\t\t\t\t<\/div>\n\t\t\t\t<div class=\"elementor-post__meta-data\">\n\t\t\t\t\t<span class=\"elementor-post-date\">\n\t\t\t19\/08\/2025\t\t<\/span>\n\t\t\t\t<span class=\"elementor-post-time\">\n\t\t\t4:59 PM\t\t<\/span>\n\t\t\t\t<\/div>\n\t\t\t\t\t<\/div>\n\t\t<\/article>\n\t\t\t\t<article class=\"elementor-post elementor-grid-item post-2737 post type-post status-publish format-standard has-post-thumbnail hentry category-noticias-itaipu\" role=\"listitem\">\n\t\t\t<div class=\"elementor-post__card\">\n\t\t\t\t<a class=\"elementor-post__thumbnail__link\" href=\"https:\/\/itaipu.com.mx\/en\/2025\/01\/segundo-foro-industrial-portuario-2025\/\" tabindex=\"-1\" ><div class=\"elementor-post__thumbnail\"><img decoding=\"async\" width=\"300\" height=\"294\" src=\"https:\/\/itaipu.com.mx\/wp-content\/uploads\/Imagen-de-WhatsApp-2025-01-08-a-las-09.22.44_77e5fade-300x294.jpg\" class=\"attachment-medium size-medium wp-image-2738\" alt=\"\" srcset=\"https:\/\/itaipu.com.mx\/wp-content\/uploads\/Imagen-de-WhatsApp-2025-01-08-a-las-09.22.44_77e5fade-300x294.jpg 300w, https:\/\/itaipu.com.mx\/wp-content\/uploads\/Imagen-de-WhatsApp-2025-01-08-a-las-09.22.44_77e5fade-1024x1004.jpg 1024w, https:\/\/itaipu.com.mx\/wp-content\/uploads\/Imagen-de-WhatsApp-2025-01-08-a-las-09.22.44_77e5fade-768x753.jpg 768w, https:\/\/itaipu.com.mx\/wp-content\/uploads\/Imagen-de-WhatsApp-2025-01-08-a-las-09.22.44_77e5fade-1536x1505.jpg 1536w, https:\/\/itaipu.com.mx\/wp-content\/uploads\/Imagen-de-WhatsApp-2025-01-08-a-las-09.22.44_77e5fade-12x12.jpg 12w, https:\/\/itaipu.com.mx\/wp-content\/uploads\/Imagen-de-WhatsApp-2025-01-08-a-las-09.22.44_77e5fade.jpg 1600w\" sizes=\"(max-width: 300px) 100vw, 300px\" \/><\/div><\/a>\n\t\t\t\t<div class=\"elementor-post__avatar\">\n\t\t\t<img alt='Jorge Damian' src='https:\/\/secure.gravatar.com\/avatar\/7c931d1b0e798394dcd9aeeb59c36d1ff2f87d28d555d9539584a7d89413efc1?s=128&#038;d=mm&#038;r=g' srcset='https:\/\/secure.gravatar.com\/avatar\/7c931d1b0e798394dcd9aeeb59c36d1ff2f87d28d555d9539584a7d89413efc1?s=256&#038;d=mm&#038;r=g 2x' class='avatar avatar-128 photo' height='128' width='128' \/>\t\t<\/div>\n\t\t\t\t<div class=\"elementor-post__text\">\n\t\t\t\t<h3 class=\"elementor-post__title\">\n\t\t\t<a href=\"https:\/\/itaipu.com.mx\/en\/2025\/01\/segundo-foro-industrial-portuario-2025\/\" >\n\t\t\t\tSEGUNDO FORO INDUSTRIAL PORTUARIO 2025\t\t\t<\/a>\n\t\t<\/h3>\n\t\t\t\t<div class=\"elementor-post__excerpt\">\n\t\t\t<p>09\/01\/2025 CORPORACI\u00d3N ITAIPU, ASISTIR\u00c1 AL SEGUNDO FORO INDUSTRIAL PORTUARIO CORPORACI\u00d3N ITAIPU, asistir\u00e1 al segun Foro Industrial Portuario, a llevarse acabo en Ciudad del Carmen, Campeche,<\/p>\n\t\t<\/div>\n\t\t\n\t\t<a class=\"elementor-post__read-more\" href=\"https:\/\/itaipu.com.mx\/en\/2025\/01\/segundo-foro-industrial-portuario-2025\/\" aria-label=\"Read more about SEGUNDO FORO INDUSTRIAL PORTUARIO 2025\" tabindex=\"-1\" >\n\t\t\tRead more &#034;\t\t<\/a>\n\n\t\t\t\t<\/div>\n\t\t\t\t<div class=\"elementor-post__meta-data\">\n\t\t\t\t\t<span class=\"elementor-post-date\">\n\t\t\t09\/01\/2025\t\t<\/span>\n\t\t\t\t<span class=\"elementor-post-time\">\n\t\t\t11:48 AM\t\t<\/span>\n\t\t\t\t<\/div>\n\t\t\t\t\t<\/div>\n\t\t<\/article>\n\t\t\t\t<article class=\"elementor-post elementor-grid-item post-2706 post type-post status-publish format-standard has-post-thumbnail hentry category-noticias-itaipu\" role=\"listitem\">\n\t\t\t<div class=\"elementor-post__card\">\n\t\t\t\t<a class=\"elementor-post__thumbnail__link\" href=\"https:\/\/itaipu.com.mx\/en\/2024\/12\/cumpleanos-2024\/\" tabindex=\"-1\" ><div class=\"elementor-post__thumbnail\"><img decoding=\"async\" width=\"300\" height=\"169\" src=\"https:\/\/itaipu.com.mx\/wp-content\/uploads\/IMG_20240226_130414-300x169.jpg\" class=\"attachment-medium size-medium wp-image-2707\" alt=\"\" srcset=\"https:\/\/itaipu.com.mx\/wp-content\/uploads\/IMG_20240226_130414-300x169.jpg 300w, https:\/\/itaipu.com.mx\/wp-content\/uploads\/IMG_20240226_130414-1024x576.jpg 1024w, https:\/\/itaipu.com.mx\/wp-content\/uploads\/IMG_20240226_130414-768x432.jpg 768w, https:\/\/itaipu.com.mx\/wp-content\/uploads\/IMG_20240226_130414-1536x864.jpg 1536w, https:\/\/itaipu.com.mx\/wp-content\/uploads\/IMG_20240226_130414-2048x1152.jpg 2048w, https:\/\/itaipu.com.mx\/wp-content\/uploads\/IMG_20240226_130414-18x10.jpg 18w\" sizes=\"(max-width: 300px) 100vw, 300px\" \/><\/div><\/a>\n\t\t\t\t<div class=\"elementor-post__avatar\">\n\t\t\t<img alt='Jorge Damian' src='https:\/\/secure.gravatar.com\/avatar\/7c931d1b0e798394dcd9aeeb59c36d1ff2f87d28d555d9539584a7d89413efc1?s=128&#038;d=mm&#038;r=g' srcset='https:\/\/secure.gravatar.com\/avatar\/7c931d1b0e798394dcd9aeeb59c36d1ff2f87d28d555d9539584a7d89413efc1?s=256&#038;d=mm&#038;r=g 2x' class='avatar avatar-128 photo' height='128' width='128' \/>\t\t<\/div>\n\t\t\t\t<div class=\"elementor-post__text\">\n\t\t\t\t<h3 class=\"elementor-post__title\">\n\t\t\t<a href=\"https:\/\/itaipu.com.mx\/en\/2024\/12\/cumpleanos-2024\/\" >\n\t\t\t\tCUMPLEA\u00d1OS 2024\t\t\t<\/a>\n\t\t<\/h3>\n\t\t\t\t<div class=\"elementor-post__excerpt\">\n\t\t\t<p>31\/12\/2024 CELEBRACI\u00d3N DE CUMPLEA\u00d1EROS FELIZ CUMPLEA\u00d1OS A TODOS NUESTRO COLABORADOS QUE SIGAN CUMPLIENDO MUCHOS A\u00d1OS M\u00c1S.<\/p>\n\t\t<\/div>\n\t\t\n\t\t<a class=\"elementor-post__read-more\" href=\"https:\/\/itaipu.com.mx\/en\/2024\/12\/cumpleanos-2024\/\" aria-label=\"Read more about CUMPLEA\u00d1OS 2024\" tabindex=\"-1\" >\n\t\t\tRead more &#034;\t\t<\/a>\n\n\t\t\t\t<\/div>\n\t\t\t\t<div class=\"elementor-post__meta-data\">\n\t\t\t\t\t<span class=\"elementor-post-date\">\n\t\t\t31\/12\/2024\t\t<\/span>\n\t\t\t\t<span class=\"elementor-post-time\">\n\t\t\t11:08 PM\t\t<\/span>\n\t\t\t\t<\/div>\n\t\t\t\t\t<\/div>\n\t\t<\/article>\n\t\t\t\t<article class=\"elementor-post elementor-grid-item post-2675 post type-post status-publish format-standard has-post-thumbnail hentry category-noticias-itaipu\" role=\"listitem\">\n\t\t\t<div class=\"elementor-post__card\">\n\t\t\t\t<a class=\"elementor-post__thumbnail__link\" href=\"https:\/\/itaipu.com.mx\/en\/2024\/12\/posada-navidena-2024\/\" tabindex=\"-1\" ><div class=\"elementor-post__thumbnail\"><img loading=\"lazy\" decoding=\"async\" width=\"300\" height=\"200\" src=\"https:\/\/itaipu.com.mx\/wp-content\/uploads\/IMG_0522-300x200.jpg\" class=\"attachment-medium size-medium wp-image-2676\" alt=\"\" srcset=\"https:\/\/itaipu.com.mx\/wp-content\/uploads\/IMG_0522-300x200.jpg 300w, https:\/\/itaipu.com.mx\/wp-content\/uploads\/IMG_0522-1024x683.jpg 1024w, https:\/\/itaipu.com.mx\/wp-content\/uploads\/IMG_0522-768x512.jpg 768w, https:\/\/itaipu.com.mx\/wp-content\/uploads\/IMG_0522-1536x1024.jpg 1536w, https:\/\/itaipu.com.mx\/wp-content\/uploads\/IMG_0522-2048x1365.jpg 2048w, https:\/\/itaipu.com.mx\/wp-content\/uploads\/IMG_0522-18x12.jpg 18w\" sizes=\"(max-width: 300px) 100vw, 300px\" \/><\/div><\/a>\n\t\t\t\t<div class=\"elementor-post__avatar\">\n\t\t\t<img alt='Jorge Damian' src='https:\/\/secure.gravatar.com\/avatar\/7c931d1b0e798394dcd9aeeb59c36d1ff2f87d28d555d9539584a7d89413efc1?s=128&#038;d=mm&#038;r=g' srcset='https:\/\/secure.gravatar.com\/avatar\/7c931d1b0e798394dcd9aeeb59c36d1ff2f87d28d555d9539584a7d89413efc1?s=256&#038;d=mm&#038;r=g 2x' class='avatar avatar-128 photo' height='128' width='128' \/>\t\t<\/div>\n\t\t\t\t<div class=\"elementor-post__text\">\n\t\t\t\t<h3 class=\"elementor-post__title\">\n\t\t\t<a href=\"https:\/\/itaipu.com.mx\/en\/2024\/12\/posada-navidena-2024\/\" >\n\t\t\t\tPOSADA NAVIDE\u00d1A 2024\t\t\t<\/a>\n\t\t<\/h3>\n\t\t\t\t<div class=\"elementor-post__excerpt\">\n\t\t\t<p>21\/12\/2024 CORPORACI\u00d3N ITAIPU &#8211; POSADA NAVIDE\u00d1A 2024 Festejando\u00a0a todos nuestros colaboradores que nos acompa\u00f1aron a lo largo de este a\u00f1o, como se acostumbra a\u00f1o tras<\/p>\n\t\t<\/div>\n\t\t\n\t\t<a class=\"elementor-post__read-more\" href=\"https:\/\/itaipu.com.mx\/en\/2024\/12\/posada-navidena-2024\/\" aria-label=\"Read more about POSADA NAVIDE\u00d1A 2024\" tabindex=\"-1\" >\n\t\t\tRead more &#034;\t\t<\/a>\n\n\t\t\t\t<\/div>\n\t\t\t\t<div class=\"elementor-post__meta-data\">\n\t\t\t\t\t<span class=\"elementor-post-date\">\n\t\t\t21\/12\/2024\t\t<\/span>\n\t\t\t\t<span class=\"elementor-post-time\">\n\t\t\t8:47 PM\t\t<\/span>\n\t\t\t\t<\/div>\n\t\t\t\t\t<\/div>\n\t\t<\/article>\n\t\t\t\t<article class=\"elementor-post elementor-grid-item post-2662 post type-post status-publish format-standard has-post-thumbnail hentry category-noticias-itaipu\" role=\"listitem\">\n\t\t\t<div class=\"elementor-post__card\">\n\t\t\t\t<a class=\"elementor-post__thumbnail__link\" href=\"https:\/\/itaipu.com.mx\/en\/2024\/11\/altar-de-dia-de-muertos-2\/\" tabindex=\"-1\" ><div class=\"elementor-post__thumbnail\"><img loading=\"lazy\" decoding=\"async\" width=\"300\" height=\"225\" src=\"https:\/\/itaipu.com.mx\/wp-content\/uploads\/IMG_20241101_081156-300x225.jpg\" class=\"attachment-medium size-medium wp-image-2665\" alt=\"\" srcset=\"https:\/\/itaipu.com.mx\/wp-content\/uploads\/IMG_20241101_081156-300x225.jpg 300w, https:\/\/itaipu.com.mx\/wp-content\/uploads\/IMG_20241101_081156-1024x768.jpg 1024w, https:\/\/itaipu.com.mx\/wp-content\/uploads\/IMG_20241101_081156-768x576.jpg 768w, https:\/\/itaipu.com.mx\/wp-content\/uploads\/IMG_20241101_081156-1536x1152.jpg 1536w, https:\/\/itaipu.com.mx\/wp-content\/uploads\/IMG_20241101_081156-16x12.jpg 16w, https:\/\/itaipu.com.mx\/wp-content\/uploads\/IMG_20241101_081156.jpg 1920w\" sizes=\"(max-width: 300px) 100vw, 300px\" \/><\/div><\/a>\n\t\t\t\t<div class=\"elementor-post__avatar\">\n\t\t\t<img alt='Jorge Damian' src='https:\/\/secure.gravatar.com\/avatar\/7c931d1b0e798394dcd9aeeb59c36d1ff2f87d28d555d9539584a7d89413efc1?s=128&#038;d=mm&#038;r=g' srcset='https:\/\/secure.gravatar.com\/avatar\/7c931d1b0e798394dcd9aeeb59c36d1ff2f87d28d555d9539584a7d89413efc1?s=256&#038;d=mm&#038;r=g 2x' class='avatar avatar-128 photo' height='128' width='128' \/>\t\t<\/div>\n\t\t\t\t<div class=\"elementor-post__text\">\n\t\t\t\t<h3 class=\"elementor-post__title\">\n\t\t\t<a href=\"https:\/\/itaipu.com.mx\/en\/2024\/11\/altar-de-dia-de-muertos-2\/\" >\n\t\t\t\tALTAR DE D\u00cdA DE MUERTOS\t\t\t<\/a>\n\t\t<\/h3>\n\t\t\t\t<div class=\"elementor-post__excerpt\">\n\t\t\t<p>01\/11\/2024 CORPORACI\u00d3N ITAIPU &#8211; 01 DE OCTUBRE DIA DE ALTAR DE MUERTOS. En CORPPORACI\u00d3N ITAIPU seguimos con las tradiciones a\u00f1o con a\u00f1o y hoy 1<\/p>\n\t\t<\/div>\n\t\t\n\t\t<a class=\"elementor-post__read-more\" href=\"https:\/\/itaipu.com.mx\/en\/2024\/11\/altar-de-dia-de-muertos-2\/\" aria-label=\"Read more about ALTAR DE D\u00cdA DE MUERTOS\" tabindex=\"-1\" >\n\t\t\tRead more &#034;\t\t<\/a>\n\n\t\t\t\t<\/div>\n\t\t\t\t<div class=\"elementor-post__meta-data\">\n\t\t\t\t\t<span class=\"elementor-post-date\">\n\t\t\t01\/11\/2024\t\t<\/span>\n\t\t\t\t<span class=\"elementor-post-time\">\n\t\t\t10:27 AM\t\t<\/span>\n\t\t\t\t<\/div>\n\t\t\t\t\t<\/div>\n\t\t<\/article>\n\t\t\t\t<article class=\"elementor-post elementor-grid-item post-2641 post type-post status-publish format-standard has-post-thumbnail hentry category-noticias-itaipu\" role=\"listitem\">\n\t\t\t<div class=\"elementor-post__card\">\n\t\t\t\t<a class=\"elementor-post__thumbnail__link\" href=\"https:\/\/itaipu.com.mx\/en\/2024\/10\/banco-de-tapitas-a-c\/\" tabindex=\"-1\" ><div class=\"elementor-post__thumbnail\"><img loading=\"lazy\" decoding=\"async\" width=\"300\" height=\"169\" src=\"https:\/\/itaipu.com.mx\/wp-content\/uploads\/WhatsApp-Image-2024-11-04-at-8.46.11-AM-300x169.jpeg\" class=\"attachment-medium size-medium wp-image-2649\" alt=\"\" srcset=\"https:\/\/itaipu.com.mx\/wp-content\/uploads\/WhatsApp-Image-2024-11-04-at-8.46.11-AM-300x169.jpeg 300w, https:\/\/itaipu.com.mx\/wp-content\/uploads\/WhatsApp-Image-2024-11-04-at-8.46.11-AM-1024x575.jpeg 1024w, https:\/\/itaipu.com.mx\/wp-content\/uploads\/WhatsApp-Image-2024-11-04-at-8.46.11-AM-768x432.jpeg 768w, https:\/\/itaipu.com.mx\/wp-content\/uploads\/WhatsApp-Image-2024-11-04-at-8.46.11-AM-1536x863.jpeg 1536w, https:\/\/itaipu.com.mx\/wp-content\/uploads\/WhatsApp-Image-2024-11-04-at-8.46.11-AM-18x10.jpeg 18w, https:\/\/itaipu.com.mx\/wp-content\/uploads\/WhatsApp-Image-2024-11-04-at-8.46.11-AM.jpeg 1600w\" sizes=\"(max-width: 300px) 100vw, 300px\" \/><\/div><\/a>\n\t\t\t\t<div class=\"elementor-post__avatar\">\n\t\t\t<img alt='Jorge Damian' src='https:\/\/secure.gravatar.com\/avatar\/7c931d1b0e798394dcd9aeeb59c36d1ff2f87d28d555d9539584a7d89413efc1?s=128&#038;d=mm&#038;r=g' srcset='https:\/\/secure.gravatar.com\/avatar\/7c931d1b0e798394dcd9aeeb59c36d1ff2f87d28d555d9539584a7d89413efc1?s=256&#038;d=mm&#038;r=g 2x' class='avatar avatar-128 photo' height='128' width='128' \/>\t\t<\/div>\n\t\t\t\t<div class=\"elementor-post__text\">\n\t\t\t\t<h3 class=\"elementor-post__title\">\n\t\t\t<a href=\"https:\/\/itaipu.com.mx\/en\/2024\/10\/banco-de-tapitas-a-c\/\" >\n\t\t\t\tBANCO DE TAPITAS A.C.\t\t\t<\/a>\n\t\t<\/h3>\n\t\t\t\t<div class=\"elementor-post__excerpt\">\n\t\t\t<p>23\/10\/2024 CORPORACI\u00d3N ITAIPU ALIDO DE BANCO DE TAPITAS A.C. Si la vida de ta tapitas, \u00a1no las tires!\u00a1Cada tapita cuenta! Comparaci\u00f3n itaipu se suma a<\/p>\n\t\t<\/div>\n\t\t\n\t\t<a class=\"elementor-post__read-more\" href=\"https:\/\/itaipu.com.mx\/en\/2024\/10\/banco-de-tapitas-a-c\/\" aria-label=\"Read more about BANCO DE TAPITAS A.C.\" tabindex=\"-1\" >\n\t\t\tRead more &#034;\t\t<\/a>\n\n\t\t\t\t<\/div>\n\t\t\t\t<div class=\"elementor-post__meta-data\">\n\t\t\t\t\t<span class=\"elementor-post-date\">\n\t\t\t23\/10\/2024\t\t<\/span>\n\t\t\t\t<span class=\"elementor-post-time\">\n\t\t\t8:34 PM\t\t<\/span>\n\t\t\t\t<\/div>\n\t\t\t\t\t<\/div>\n\t\t<\/article>\n\t\t\t\t<\/div>\n\t\t\n\t\t\t\t<div class=\"e-load-more-anchor\" data-page=\"1\" data-max-page=\"5\" data-next-page=\"https:\/\/itaipu.com.mx\/en\/wp-json\/wp\/v2\/pages\/741\/page\/2\/\"><\/div>\n\t\t\t\t<nav class=\"elementor-pagination\" aria-label=\"Pagination\">\n\t\t\t<span aria-current=\"page\" class=\"page-numbers current\"><span class=\"elementor-screen-only\">Page<\/span>1<\/span>\n<a class=\"page-numbers\" href=\"https:\/\/itaipu.com.mx\/en\/wp-json\/wp\/v2\/pages\/741\/page\/2\/\"><span class=\"elementor-screen-only\">Page<\/span>2<\/a>\n<a class=\"page-numbers\" href=\"https:\/\/itaipu.com.mx\/en\/wp-json\/wp\/v2\/pages\/741\/page\/3\/\"><span class=\"elementor-screen-only\">Page<\/span>3<\/a>\n<a class=\"page-numbers\" href=\"https:\/\/itaipu.com.mx\/en\/wp-json\/wp\/v2\/pages\/741\/page\/4\/\"><span class=\"elementor-screen-only\">Page<\/span>4<\/a>\n<a class=\"page-numbers\" href=\"https:\/\/itaipu.com.mx\/en\/wp-json\/wp\/v2\/pages\/741\/page\/5\/\"><span class=\"elementor-screen-only\">Page<\/span>5<\/a>\t\t<\/nav>\n\t\t\t\t\t\t<\/div>\n\t\t\t\t<\/div>\n\t\t\t\t\t<\/div>\n\t\t<\/div>\n\t\t\t\t\t<\/div>\n\t\t<\/section>\n\t\t\t\t<section class=\"elementor-section elementor-top-section elementor-element elementor-element-c258ab7 elementor-section-boxed elementor-section-height-default elementor-section-height-default\" data-id=\"c258ab7\" data-element_type=\"section\" data-e-type=\"section\">\n\t\t\t\t\t\t<div class=\"elementor-container elementor-column-gap-default\">\n\t\t\t\t\t<div class=\"elementor-column elementor-col-100 elementor-top-column elementor-element elementor-element-d435ccf\" data-id=\"d435ccf\" data-element_type=\"column\" data-e-type=\"column\">\n\t\t\t<div class=\"elementor-widget-wrap elementor-element-populated\">\n\t\t\t\t\t\t<div class=\"elementor-element elementor-element-9f7f5d1 elementor-widget elementor-widget-spacer\" data-id=\"9f7f5d1\" data-element_type=\"widget\" data-e-type=\"widget\" data-widget_type=\"spacer.default\">\n\t\t\t\t<div class=\"elementor-widget-container\">\n\t\t\t\t\t\t\t<div class=\"elementor-spacer\">\n\t\t\t<div class=\"elementor-spacer-inner\"><\/div>\n\t\t<\/div>\n\t\t\t\t\t\t<\/div>\n\t\t\t\t<\/div>\n\t\t\t\t\t<\/div>\n\t\t<\/div>\n\t\t\t\t\t<\/div>\n\t\t<\/section>\n\t\t\t\t<\/div>","protected":false},"excerpt":{"rendered":"","protected":false},"author":1,"featured_media":0,"parent":0,"menu_order":0,"comment_status":"closed","ping_status":"closed","template":"elementor_header_footer","meta":{"_joinchat":[],"footnotes":""},"class_list":["post-741","page","type-page","status-publish","hentry"],"_links":{"self":[{"href":"https:\/\/itaipu.com.mx\/en\/wp-json\/wp\/v2\/pages\/741","targetHints":{"allow":["GET"]}}],"collection":[{"href":"https:\/\/itaipu.com.mx\/en\/wp-json\/wp\/v2\/pages"}],"about":[{"href":"https:\/\/itaipu.com.mx\/en\/wp-json\/wp\/v2\/types\/page"}],"author":[{"embeddable":true,"href":"https:\/\/itaipu.com.mx\/en\/wp-json\/wp\/v2\/users\/1"}],"replies":[{"embeddable":true,"href":"https:\/\/itaipu.com.mx\/en\/wp-json\/wp\/v2\/comments?post=741"}],"version-history":[{"count":28,"href":"https:\/\/itaipu.com.mx\/en\/wp-json\/wp\/v2\/pages\/741\/revisions"}],"predecessor-version":[{"id":1687,"href":"https:\/\/itaipu.com.mx\/en\/wp-json\/wp\/v2\/pages\/741\/revisions\/1687"}],"wp:attachment":[{"href":"https:\/\/itaipu.com.mx\/en\/wp-json\/wp\/v2\/media?parent=741"}],"curies":[{"name":"wp","href":"https:\/\/api.w.org\/{rel}","templated":true}]}}