{"id":525,"date":"2022-07-05T08:35:30","date_gmt":"2022-07-05T13:35:30","guid":{"rendered":"https:\/\/itaipu.com.mx\/?page_id=525"},"modified":"2022-10-13T09:47:31","modified_gmt":"2022-10-13T14:47:31","slug":"proveedores","status":"publish","type":"page","link":"https:\/\/itaipu.com.mx\/en\/proveedores\/","title":{"rendered":"PROVIDERS"},"content":{"rendered":"<div data-elementor-type=\"wp-page\" data-elementor-id=\"525\" class=\"elementor elementor-525\" data-elementor-post-type=\"page\">\n\t\t\t\t\t\t<section class=\"elementor-section elementor-top-section elementor-element elementor-element-282a054 elementor-section-boxed elementor-section-height-default elementor-section-height-default\" data-id=\"282a054\" data-element_type=\"section\" data-e-type=\"section\">\n\t\t\t\t\t\t<div class=\"elementor-container elementor-column-gap-default\">\n\t\t\t\t\t<div class=\"elementor-column elementor-col-100 elementor-top-column elementor-element elementor-element-6fc7aa0\" data-id=\"6fc7aa0\" data-element_type=\"column\" data-e-type=\"column\">\n\t\t\t<div class=\"elementor-widget-wrap elementor-element-populated\">\n\t\t\t\t\t\t<div class=\"elementor-element elementor-element-f4807f6 elementor-widget elementor-widget-spacer\" data-id=\"f4807f6\" data-element_type=\"widget\" data-e-type=\"widget\" data-widget_type=\"spacer.default\">\n\t\t\t\t<div class=\"elementor-widget-container\">\n\t\t\t\t\t\t\t<div class=\"elementor-spacer\">\n\t\t\t<div class=\"elementor-spacer-inner\"><\/div>\n\t\t<\/div>\n\t\t\t\t\t\t<\/div>\n\t\t\t\t<\/div>\n\t\t\t\t\t<\/div>\n\t\t<\/div>\n\t\t\t\t\t<\/div>\n\t\t<\/section>\n\t\t\t\t<section class=\"elementor-section elementor-top-section elementor-element elementor-element-9140372 elementor-section-boxed elementor-section-height-default elementor-section-height-default\" data-id=\"9140372\" data-element_type=\"section\" data-e-type=\"section\">\n\t\t\t\t\t\t<div class=\"elementor-container elementor-column-gap-default\">\n\t\t\t\t\t<div class=\"elementor-column elementor-col-100 elementor-top-column elementor-element elementor-element-88b6d95\" data-id=\"88b6d95\" data-element_type=\"column\" data-e-type=\"column\">\n\t\t\t<div class=\"elementor-widget-wrap elementor-element-populated\">\n\t\t\t\t\t\t<div class=\"elementor-element elementor-element-0f7e6e2 elementor-widget elementor-widget-heading\" data-id=\"0f7e6e2\" data-element_type=\"widget\" data-e-type=\"widget\" data-widget_type=\"heading.default\">\n\t\t\t\t<div class=\"elementor-widget-container\">\n\t\t\t\t\t<h2 class=\"elementor-heading-title elementor-size-default\">REQUIREMENTS TO BE A PART OF OUR RELIABLE VENDORS<\/h2>\t\t\t\t<\/div>\n\t\t\t\t<\/div>\n\t\t\t\t<div class=\"elementor-element elementor-element-012167f elementor-widget elementor-widget-spacer\" data-id=\"012167f\" data-element_type=\"widget\" data-e-type=\"widget\" data-widget_type=\"spacer.default\">\n\t\t\t\t<div class=\"elementor-widget-container\">\n\t\t\t\t\t\t\t<div class=\"elementor-spacer\">\n\t\t\t<div class=\"elementor-spacer-inner\"><\/div>\n\t\t<\/div>\n\t\t\t\t\t\t<\/div>\n\t\t\t\t<\/div>\n\t\t\t\t\t<\/div>\n\t\t<\/div>\n\t\t\t\t\t<\/div>\n\t\t<\/section>\n\t\t\t\t<section class=\"elementor-section elementor-top-section elementor-element elementor-element-793b587 elementor-section-boxed elementor-section-height-default elementor-section-height-default\" data-id=\"793b587\" data-element_type=\"section\" data-e-type=\"section\">\n\t\t\t\t\t\t<div class=\"elementor-container elementor-column-gap-default\">\n\t\t\t\t\t<div class=\"elementor-column elementor-col-100 elementor-top-column elementor-element elementor-element-a725ba1\" data-id=\"a725ba1\" data-element_type=\"column\" data-e-type=\"column\">\n\t\t\t<div class=\"elementor-widget-wrap elementor-element-populated\">\n\t\t\t\t\t\t<section class=\"elementor-section elementor-inner-section elementor-element elementor-element-852fc80 elementor-section-boxed elementor-section-height-default elementor-section-height-default\" data-id=\"852fc80\" data-element_type=\"section\" data-e-type=\"section\">\n\t\t\t\t\t\t<div class=\"elementor-container elementor-column-gap-default\">\n\t\t\t\t\t<div class=\"elementor-column elementor-col-50 elementor-inner-column elementor-element elementor-element-cc1fb57\" data-id=\"cc1fb57\" data-element_type=\"column\" data-e-type=\"column\">\n\t\t\t<div class=\"elementor-widget-wrap elementor-element-populated\">\n\t\t\t\t\t\t<div class=\"elementor-element elementor-element-6056719 elementor-widget elementor-widget-text-editor\" data-id=\"6056719\" data-element_type=\"widget\" data-e-type=\"widget\" data-widget_type=\"text-editor.default\">\n\t\t\t\t<div class=\"elementor-widget-container\">\n\t\t\t\t\t\t\t\t\t<p>In CORPORATION ITAIPU on attachment to our integrated management system, assessments are performed periodically to have a list of reliable suppliers, if you meet all the requirements and you want to be part of our trusted suppliers contact us maill: recmat@itaipu.com.mx<\/p>\t\t\t\t\t\t\t\t<\/div>\n\t\t\t\t<\/div>\n\t\t\t\t<div class=\"elementor-element elementor-element-ade4e60 elementor-star-rating--align-center elementor--star-style-star_fontawesome elementor-widget elementor-widget-star-rating\" data-id=\"ade4e60\" data-element_type=\"widget\" data-e-type=\"widget\" data-widget_type=\"star-rating.default\">\n\t\t\t\t<div class=\"elementor-widget-container\">\n\t\t\t\t\t\t\t<div class=\"elementor-star-rating__wrapper\">\n\t\t\t\t\t\t<div class=\"elementor-star-rating\" itemtype=\"http:\/\/schema.org\/Rating\" itemscope=\"\" itemprop=\"reviewRating\">\n\t\t\t\t<i class=\"elementor-star-full\" aria-hidden=\"true\">\ue934<\/i><i class=\"elementor-star-full\" aria-hidden=\"true\">\ue934<\/i><i class=\"elementor-star-full\" aria-hidden=\"true\">\ue934<\/i><i class=\"elementor-star-full\" aria-hidden=\"true\">\ue934<\/i><i class=\"elementor-star-full\" aria-hidden=\"true\">\ue934<\/i>\t\t\t\t<span itemprop=\"ratingValue\" class=\"elementor-screen-only\">Valorado con 5 de 5<\/span>\n\t\t\t<\/div>\n\t\t<\/div>\n\t\t\t\t\t\t<\/div>\n\t\t\t\t<\/div>\n\t\t\t\t\t<\/div>\n\t\t<\/div>\n\t\t\t\t<div class=\"elementor-column elementor-col-50 elementor-inner-column elementor-element elementor-element-65e9702\" data-id=\"65e9702\" data-element_type=\"column\" data-e-type=\"column\">\n\t\t\t<div class=\"elementor-widget-wrap elementor-element-populated\">\n\t\t\t\t\t\t<div class=\"elementor-element elementor-element-6def3ff elementor-widget elementor-widget-image\" data-id=\"6def3ff\" data-element_type=\"widget\" data-e-type=\"widget\" data-widget_type=\"image.default\">\n\t\t\t\t<div class=\"elementor-widget-container\">\n\t\t\t\t\t\t\t\t\t\t\t\t\t\t\t<img fetchpriority=\"high\" decoding=\"async\" width=\"725\" height=\"442\" src=\"https:\/\/itaipu.com.mx\/wp-content\/uploads\/LOGO-ITAIPU-V1-SD.png\" class=\"attachment-large size-large wp-image-1199\" alt=\"\" srcset=\"https:\/\/itaipu.com.mx\/wp-content\/uploads\/LOGO-ITAIPU-V1-SD.png 725w, https:\/\/itaipu.com.mx\/wp-content\/uploads\/LOGO-ITAIPU-V1-SD-300x183.png 300w, https:\/\/itaipu.com.mx\/wp-content\/uploads\/LOGO-ITAIPU-V1-SD-18x12.png 18w\" sizes=\"(max-width: 725px) 100vw, 725px\" \/>\t\t\t\t\t\t\t\t\t\t\t\t\t\t\t<\/div>\n\t\t\t\t<\/div>\n\t\t\t\t\t<\/div>\n\t\t<\/div>\n\t\t\t\t\t<\/div>\n\t\t<\/section>\n\t\t\t\t<div class=\"elementor-element elementor-element-ab81a78 elementor-widget elementor-widget-spacer\" data-id=\"ab81a78\" data-element_type=\"widget\" data-e-type=\"widget\" data-widget_type=\"spacer.default\">\n\t\t\t\t<div class=\"elementor-widget-container\">\n\t\t\t\t\t\t\t<div class=\"elementor-spacer\">\n\t\t\t<div class=\"elementor-spacer-inner\"><\/div>\n\t\t<\/div>\n\t\t\t\t\t\t<\/div>\n\t\t\t\t<\/div>\n\t\t\t\t\t<\/div>\n\t\t<\/div>\n\t\t\t\t\t<\/div>\n\t\t<\/section>\n\t\t\t\t<section class=\"elementor-section elementor-top-section elementor-element elementor-element-2fca214 elementor-section-boxed elementor-section-height-default elementor-section-height-default\" data-id=\"2fca214\" data-element_type=\"section\" data-e-type=\"section\">\n\t\t\t\t\t\t<div class=\"elementor-container elementor-column-gap-default\">\n\t\t\t\t\t<div class=\"elementor-column elementor-col-50 elementor-top-column elementor-element elementor-element-b7fd404\" data-id=\"b7fd404\" data-element_type=\"column\" data-e-type=\"column\">\n\t\t\t<div class=\"elementor-widget-wrap elementor-element-populated\">\n\t\t\t\t\t\t<div class=\"elementor-element elementor-element-0d6f73b elementor-widget elementor-widget-text-editor\" data-id=\"0d6f73b\" data-element_type=\"widget\" data-e-type=\"widget\" data-widget_type=\"text-editor.default\">\n\t\t\t\t<div class=\"elementor-widget-container\">\n\t\t\t\t\t\t\t\t\t<h5><b>REQUIREMENTS:<\/b><\/h5>\n<h6>SUPPLIERS GENERAL<\/h6>\n<ul>\n<li>Proof of tax status.<\/li>\n<li>Comprobante de domicilio (tel\u00e9fono, luz, agua, predial).<\/li>\n<li>INE del proveedor (P.F.).<\/li>\n<li>Opinion of compliance SAT.<\/li>\n<li>Contact details.<\/li>\n<li>Name of the account status.<\/li>\n<li>3 References to commercial customers.<\/li>\n<li>3 Referencias comerciales de proveedores.<\/li>\n<li>Fotograf\u00eda del establecimiento.<\/li>\n<\/ul>\n<div>&nbsp;<\/div>\n<p><b>Additional information in case of being a moral person.<\/b><\/p>\n<ul>\n<li>Acta Constitutiva.<\/li>\n<li>Poder Notarial.<\/li>\n<li>INE del representante o apoderado legal.<\/li>\n<\/ul>\t\t\t\t\t\t\t\t<\/div>\n\t\t\t\t<\/div>\n\t\t\t\t<div class=\"elementor-element elementor-element-9e47281 elementor-widget-divider--view-line elementor-widget elementor-widget-divider\" data-id=\"9e47281\" data-element_type=\"widget\" data-e-type=\"widget\" data-widget_type=\"divider.default\">\n\t\t\t\t<div class=\"elementor-widget-container\">\n\t\t\t\t\t\t\t<div class=\"elementor-divider\">\n\t\t\t<span class=\"elementor-divider-separator\">\n\t\t\t\t\t\t<\/span>\n\t\t<\/div>\n\t\t\t\t\t\t<\/div>\n\t\t\t\t<\/div>\n\t\t\t\t<div class=\"elementor-element elementor-element-0e7f8eb elementor-view-default elementor-widget elementor-widget-icon\" data-id=\"0e7f8eb\" data-element_type=\"widget\" data-e-type=\"widget\" data-widget_type=\"icon.default\">\n\t\t\t\t<div class=\"elementor-widget-container\">\n\t\t\t\t\t\t\t<div class=\"elementor-icon-wrapper\">\n\t\t\t<div class=\"elementor-icon\">\n\t\t\t<i aria-hidden=\"true\" class=\"fas fa-shipping-fast\"><\/i>\t\t\t<\/div>\n\t\t<\/div>\n\t\t\t\t\t\t<\/div>\n\t\t\t\t<\/div>\n\t\t\t\t\t<\/div>\n\t\t<\/div>\n\t\t\t\t<div class=\"elementor-column elementor-col-50 elementor-top-column elementor-element elementor-element-628dadf\" data-id=\"628dadf\" data-element_type=\"column\" data-e-type=\"column\">\n\t\t\t<div class=\"elementor-widget-wrap elementor-element-populated\">\n\t\t\t\t\t\t<div class=\"elementor-element elementor-element-5947406 elementor-widget elementor-widget-text-editor\" data-id=\"5947406\" data-element_type=\"widget\" data-e-type=\"widget\" data-widget_type=\"text-editor.default\">\n\t\t\t\t<div class=\"elementor-widget-container\">\n\t\t\t\t\t\t\t\t\t<h5><b>REQUIREMENTS:<\/b><\/h5><h6>VENDOR-SPECIFIC<\/h6><p><b>Specific information-service provider (outsourcing).<\/b><\/p><ul><li>High social security (os), worker (s).<\/li><li>Proof of payment and machined to the most current.<\/li><li>Proof (s) of trained personnel.<\/li><li>Last mechanized in the previous year.<\/li><li>If you are going to generate hazardous waste Permit as a generator of the waste.<\/li><li>Opinion of IMSS.<\/li><li>Opinion of the INFONAVIT.<\/li><li>Records of the STPS for subcontracting\u00a0<\/li><\/ul><div>\u00a0<\/div><p><b>Collection of waste.<\/b><\/p><ul><li>Pernisos for some government to waste management.<\/li><li>Permissions for some government for the transfer of waste.<\/li><li>Other permissions that may be required.<\/li><\/ul><div>\u00a0<\/div><p><b>Trainers.<\/b><\/p><ul><li>Certificates and permits to give a course or training.<\/li><li>Letter of SCT of the instructor.<\/li><li>Curriculum Exhibitor.<\/li><\/ul><div>\u00a0<\/div><p><b>Calibrations of equipment (multimetros).<\/b><\/p><ul><li>Accreditation for calibration EMA<\/li><\/ul>\t\t\t\t\t\t\t\t<\/div>\n\t\t\t\t<\/div>\n\t\t\t\t\t<\/div>\n\t\t<\/div>\n\t\t\t\t\t<\/div>\n\t\t<\/section>\n\t\t\t\t<section class=\"elementor-section elementor-top-section elementor-element elementor-element-672f96a elementor-section-boxed elementor-section-height-default elementor-section-height-default\" data-id=\"672f96a\" data-element_type=\"section\" data-e-type=\"section\">\n\t\t\t\t\t\t<div class=\"elementor-container elementor-column-gap-default\">\n\t\t\t\t\t<div class=\"elementor-column elementor-col-100 elementor-top-column elementor-element elementor-element-189937b\" data-id=\"189937b\" data-element_type=\"column\" data-e-type=\"column\">\n\t\t\t<div class=\"elementor-widget-wrap elementor-element-populated\">\n\t\t\t\t\t\t<div class=\"elementor-element elementor-element-d2acc4b elementor-widget elementor-widget-spacer\" data-id=\"d2acc4b\" data-element_type=\"widget\" data-e-type=\"widget\" data-widget_type=\"spacer.default\">\n\t\t\t\t<div class=\"elementor-widget-container\">\n\t\t\t\t\t\t\t<div class=\"elementor-spacer\">\n\t\t\t<div class=\"elementor-spacer-inner\"><\/div>\n\t\t<\/div>\n\t\t\t\t\t\t<\/div>\n\t\t\t\t<\/div>\n\t\t\t\t\t<\/div>\n\t\t<\/div>\n\t\t\t\t\t<\/div>\n\t\t<\/section>\n\t\t\t\t<\/div>","protected":false},"excerpt":{"rendered":"<p>REQUISITOS PARA SER PARTE DE NUESTROS PROVEEDORES CONFIABLES En CORPORACI\u00d3N ITAIPU en apego a nuestro sistema de gesti\u00f3n integral, realizamos evaluaciones peri\u00f3dicamente para tener una lista de proveedores confiables, si cumples con todos los requisitos y quieres ser parte de nuestros proveedores cont\u00e1ctanos al correo: recmat@itaipu.com.mx &#xE934;&#xE934;&#xE934;&#xE934;&#xE934; 5\/5 REQUISITOS: PROVEEDORES GENERALES Constancia de situaci\u00f3n fiscal. [&hellip;]<\/p>\n","protected":false},"author":1,"featured_media":0,"parent":0,"menu_order":0,"comment_status":"closed","ping_status":"closed","template":"elementor_header_footer","meta":{"_joinchat":[],"footnotes":""},"class_list":["post-525","page","type-page","status-publish","hentry"],"_links":{"self":[{"href":"https:\/\/itaipu.com.mx\/en\/wp-json\/wp\/v2\/pages\/525","targetHints":{"allow":["GET"]}}],"collection":[{"href":"https:\/\/itaipu.com.mx\/en\/wp-json\/wp\/v2\/pages"}],"about":[{"href":"https:\/\/itaipu.com.mx\/en\/wp-json\/wp\/v2\/types\/page"}],"author":[{"embeddable":true,"href":"https:\/\/itaipu.com.mx\/en\/wp-json\/wp\/v2\/users\/1"}],"replies":[{"embeddable":true,"href":"https:\/\/itaipu.com.mx\/en\/wp-json\/wp\/v2\/comments?post=525"}],"version-history":[{"count":52,"href":"https:\/\/itaipu.com.mx\/en\/wp-json\/wp\/v2\/pages\/525\/revisions"}],"predecessor-version":[{"id":1503,"href":"https:\/\/itaipu.com.mx\/en\/wp-json\/wp\/v2\/pages\/525\/revisions\/1503"}],"wp:attachment":[{"href":"https:\/\/itaipu.com.mx\/en\/wp-json\/wp\/v2\/media?parent=525"}],"curies":[{"name":"wp","href":"https:\/\/api.w.org\/{rel}","templated":true}]}}